{"id":111,"date":"2020-04-23T19:35:30","date_gmt":"2020-04-23T17:35:30","guid":{"rendered":"https:\/\/www.anakeyn.com\/boutique\/?post_type=product&#038;p=111"},"modified":"2020-04-23T19:35:52","modified_gmt":"2020-04-23T17:35:52","slug":"script-r-recuperation-liens-contextuels","status":"publish","type":"product","link":"https:\/\/www.anakeyn.com\/boutique\/produit\/script-r-recuperation-liens-contextuels\/","title":{"rendered":"Script R :  r\u00e9cup\u00e9ration liens contextuels"},"content":{"rendered":"<p>R\u00e9cup\u00e9ration des liens contextuels d&rsquo;un site Web avec R.<\/p>\n<p>Ce code source s&rsquo;inspire du crawler que l&rsquo;on avait fait pour la cr\u00e9ation d&rsquo;un graphe de site web <a href=\"https:\/\/www.anakeyn.com\/2018\/01\/08\/graphe-site-web-r\/\" target=\"_blank\" rel=\"noopener noreferrer\">https:\/\/www.anakeyn.com\/2018\/01\/08\/graphe-site-web-r\/<\/a> et de la biblioth\u00e8que RCrawler.<\/p>\n<p>Le crawler renvoie un fichier de noeuds (pages) et de liens que nous mettons au format r\u00e9cup\u00e9rable par le logiciel de cr\u00e9ation de graphe Gephi.<\/p>\n<p>Plus de d\u00e9tails sur ce script ici : <a href=\"https:\/\/www.anakeyn.com\/2018\/03\/15\/liens-contextuels-site-web-r\/\" target=\"_blank\" rel=\"nofollow noopener noreferrer\">https:\/\/www.anakeyn.com\/2018\/03\/15\/liens-contextuels-site-web-r\/<\/a><\/p>\n","protected":false},"excerpt":{"rendered":"<p>R\u00e9cup\u00e9ration des liens contextuels d&rsquo;un site Web avec R.<\/p>\n","protected":false},"featured_media":112,"comment_status":"open","ping_status":"closed","template":"","meta":[],"product_brand":[],"product_cat":[20],"product_tag":[35],"class_list":{"0":"post-111","1":"product","2":"type-product","3":"status-publish","4":"has-post-thumbnail","6":"product_cat-scripts-gratuits-r","7":"product_tag-liens-contextuels","9":"first","10":"instock","11":"downloadable","12":"virtual","13":"taxable","14":"purchasable","15":"product-type-simple"},"jetpack_sharing_enabled":true,"_links":{"self":[{"href":"https:\/\/www.anakeyn.com\/boutique\/wp-json\/wp\/v2\/product\/111","targetHints":{"allow":["GET"]}}],"collection":[{"href":"https:\/\/www.anakeyn.com\/boutique\/wp-json\/wp\/v2\/product"}],"about":[{"href":"https:\/\/www.anakeyn.com\/boutique\/wp-json\/wp\/v2\/types\/product"}],"replies":[{"embeddable":true,"href":"https:\/\/www.anakeyn.com\/boutique\/wp-json\/wp\/v2\/comments?post=111"}],"wp:featuredmedia":[{"embeddable":true,"href":"https:\/\/www.anakeyn.com\/boutique\/wp-json\/wp\/v2\/media\/112"}],"wp:attachment":[{"href":"https:\/\/www.anakeyn.com\/boutique\/wp-json\/wp\/v2\/media?parent=111"}],"wp:term":[{"taxonomy":"product_brand","embeddable":true,"href":"https:\/\/www.anakeyn.com\/boutique\/wp-json\/wp\/v2\/product_brand?post=111"},{"taxonomy":"product_cat","embeddable":true,"href":"https:\/\/www.anakeyn.com\/boutique\/wp-json\/wp\/v2\/product_cat?post=111"},{"taxonomy":"product_tag","embeddable":true,"href":"https:\/\/www.anakeyn.com\/boutique\/wp-json\/wp\/v2\/product_tag?post=111"}],"curies":[{"name":"wp","href":"https:\/\/api.w.org\/{rel}","templated":true}]}}