{"id":118,"date":"2020-04-24T15:25:52","date_gmt":"2020-04-24T13:25:52","guid":{"rendered":"https:\/\/www.anakeyn.com\/boutique\/?post_type=product&#038;p=118"},"modified":"2020-04-24T15:27:01","modified_gmt":"2020-04-24T13:27:01","slug":"script-r-facteurs-seo-et-ml-3","status":"publish","type":"product","link":"https:\/\/www.anakeyn.com\/boutique\/produit\/script-r-facteurs-seo-et-ml-3\/","title":{"rendered":"Script R : facteurs SEO et ML 3"},"content":{"rendered":"<p>Dans ce troisi\u00e8me script sur le SEO et le machine Learning nous cr\u00e9erons de nouvelles variables \u00e0 partir du contenu HTML des pages scrap\u00e9es.<\/p>\n<p>Pour plus de d\u00e9tails consultez notre blog \u00e0 l&rsquo;adresse : <a href=\"https:\/\/www.anakeyn.com\/2018\/05\/17\/facteurs-seo-machine-learning-3\/\" target=\"_blank\" rel=\"noopener noreferrer\">https:\/\/www.anakeyn.com\/2018\/05\/17\/facteurs-seo-machine-learning-3\/<\/a><\/p>\n<p>&nbsp;<\/p>\n","protected":false},"excerpt":{"rendered":"<p>Dans ce troisi\u00e8me script sur le SEO et le machine Learning nous cr\u00e9erons de nouvelles variables \u00e0 partir du contenu HTML des pages scrap\u00e9es.<\/p>\n","protected":false},"featured_media":119,"comment_status":"open","ping_status":"closed","template":"","meta":[],"product_brand":[],"product_cat":[20],"product_tag":[40,37,39,36],"class_list":{"0":"post-118","1":"product","2":"type-product","3":"status-publish","4":"has-post-thumbnail","6":"product_cat-scripts-gratuits-r","7":"product_tag-html","8":"product_tag-machine-learning","9":"product_tag-scraping","10":"product_tag-seo","12":"first","13":"instock","14":"downloadable","15":"virtual","16":"taxable","17":"purchasable","18":"product-type-simple"},"jetpack_sharing_enabled":true,"_links":{"self":[{"href":"https:\/\/www.anakeyn.com\/boutique\/wp-json\/wp\/v2\/product\/118","targetHints":{"allow":["GET"]}}],"collection":[{"href":"https:\/\/www.anakeyn.com\/boutique\/wp-json\/wp\/v2\/product"}],"about":[{"href":"https:\/\/www.anakeyn.com\/boutique\/wp-json\/wp\/v2\/types\/product"}],"replies":[{"embeddable":true,"href":"https:\/\/www.anakeyn.com\/boutique\/wp-json\/wp\/v2\/comments?post=118"}],"wp:featuredmedia":[{"embeddable":true,"href":"https:\/\/www.anakeyn.com\/boutique\/wp-json\/wp\/v2\/media\/119"}],"wp:attachment":[{"href":"https:\/\/www.anakeyn.com\/boutique\/wp-json\/wp\/v2\/media?parent=118"}],"wp:term":[{"taxonomy":"product_brand","embeddable":true,"href":"https:\/\/www.anakeyn.com\/boutique\/wp-json\/wp\/v2\/product_brand?post=118"},{"taxonomy":"product_cat","embeddable":true,"href":"https:\/\/www.anakeyn.com\/boutique\/wp-json\/wp\/v2\/product_cat?post=118"},{"taxonomy":"product_tag","embeddable":true,"href":"https:\/\/www.anakeyn.com\/boutique\/wp-json\/wp\/v2\/product_tag?post=118"}],"curies":[{"name":"wp","href":"https:\/\/api.w.org\/{rel}","templated":true}]}}