{"id":120,"date":"2020-04-24T15:54:35","date_gmt":"2020-04-24T13:54:35","guid":{"rendered":"https:\/\/www.anakeyn.com\/boutique\/?post_type=product&#038;p=120"},"modified":"2020-04-24T15:54:36","modified_gmt":"2020-04-24T13:54:36","slug":"script-r-angele-debrolisee","status":"publish","type":"product","link":"https:\/\/www.anakeyn.com\/boutique\/produit\/script-r-angele-debrolisee\/","title":{"rendered":"Script R : Ang\u00e8le D\u00e9brolis\u00e9e"},"content":{"rendered":"<p>Dans ce script R nous analysons la taille des textes des chansons d&rsquo;Ang\u00e8le pour savoir si c&rsquo;est vraiment le brol.<\/p>\n<p>Plus d&rsquo;info sur notre blog : https:\/\/www.anakeyn.com\/2018\/12\/26\/angele-est-ce-vraiment-le-brol\/<\/p>\n<p>&nbsp;<\/p>\n","protected":false},"excerpt":{"rendered":"<p>Dans ce script R nous analysons la taille des textes des chansons d&rsquo;Ang\u00e8le pour savoir si c&rsquo;est vraiment le brol.<\/p>\n","protected":false},"featured_media":121,"comment_status":"open","ping_status":"closed","template":"","meta":[],"product_brand":[],"product_cat":[20],"product_tag":[41,42,43],"class_list":{"0":"post-120","1":"product","2":"type-product","3":"status-publish","4":"has-post-thumbnail","6":"product_cat-scripts-gratuits-r","7":"product_tag-angele","8":"product_tag-brol","9":"product_tag-distribution","11":"first","12":"instock","13":"downloadable","14":"virtual","15":"taxable","16":"purchasable","17":"product-type-simple"},"jetpack_sharing_enabled":true,"_links":{"self":[{"href":"https:\/\/www.anakeyn.com\/boutique\/wp-json\/wp\/v2\/product\/120","targetHints":{"allow":["GET"]}}],"collection":[{"href":"https:\/\/www.anakeyn.com\/boutique\/wp-json\/wp\/v2\/product"}],"about":[{"href":"https:\/\/www.anakeyn.com\/boutique\/wp-json\/wp\/v2\/types\/product"}],"replies":[{"embeddable":true,"href":"https:\/\/www.anakeyn.com\/boutique\/wp-json\/wp\/v2\/comments?post=120"}],"wp:featuredmedia":[{"embeddable":true,"href":"https:\/\/www.anakeyn.com\/boutique\/wp-json\/wp\/v2\/media\/121"}],"wp:attachment":[{"href":"https:\/\/www.anakeyn.com\/boutique\/wp-json\/wp\/v2\/media?parent=120"}],"wp:term":[{"taxonomy":"product_brand","embeddable":true,"href":"https:\/\/www.anakeyn.com\/boutique\/wp-json\/wp\/v2\/product_brand?post=120"},{"taxonomy":"product_cat","embeddable":true,"href":"https:\/\/www.anakeyn.com\/boutique\/wp-json\/wp\/v2\/product_cat?post=120"},{"taxonomy":"product_tag","embeddable":true,"href":"https:\/\/www.anakeyn.com\/boutique\/wp-json\/wp\/v2\/product_tag?post=120"}],"curies":[{"name":"wp","href":"https:\/\/api.w.org\/{rel}","templated":true}]}}