{"id":122,"date":"2020-04-24T16:07:40","date_gmt":"2020-04-24T14:07:40","guid":{"rendered":"https:\/\/www.anakeyn.com\/boutique\/?post_type=product&#038;p=122"},"modified":"2020-04-24T16:07:41","modified_gmt":"2020-04-24T14:07:41","slug":"script-python-import-de-donnees-google-analytics","status":"publish","type":"product","link":"https:\/\/www.anakeyn.com\/boutique\/produit\/script-python-import-de-donnees-google-analytics\/","title":{"rendered":"Script Python : import de donn\u00e9es Google Analytics"},"content":{"rendered":"<p>Exemple d&rsquo;utilisation de Google Analytics API avec Anaconda Python.<\/p>\n<p>Attention il est n\u00e9cessaire de cr\u00e9er au pr\u00e9alable un projet avec l&rsquo;API de Google Analytics sur <a href=\"https:\/\/console.developers.google.com\/\" rel=\"nofollow\">https:\/\/console.developers.google.com\/<\/a><\/p>\n<p>Voir aussi plus de d\u00e9tails sur notreblog <a href=\"https:\/\/www.anakeyn.com\/2019\/04\/16\/importer-les-donnees-de-google-analytics-api-avec-python-anaconda\/\" rel=\"nofollow\">https:\/\/www.anakeyn.com\/2019\/04\/16\/importer-les-donnees-de-google-analytics-api-avec-python-anaconda\/<\/a><\/p>\n","protected":false},"excerpt":{"rendered":"<p>Exemple d&rsquo;utilisation de Google Analytics API avec Anaconda Python.<\/p>\n","protected":false},"featured_media":123,"comment_status":"open","ping_status":"closed","template":"","meta":[],"product_brand":[],"product_cat":[26],"product_tag":[22,34],"class_list":{"0":"post-122","1":"product","2":"type-product","3":"status-publish","4":"has-post-thumbnail","6":"product_cat-scripts-gratuits-python","7":"product_tag-api","8":"product_tag-google-analytics","10":"first","11":"instock","12":"downloadable","13":"virtual","14":"taxable","15":"purchasable","16":"product-type-simple"},"jetpack_sharing_enabled":true,"_links":{"self":[{"href":"https:\/\/www.anakeyn.com\/boutique\/wp-json\/wp\/v2\/product\/122","targetHints":{"allow":["GET"]}}],"collection":[{"href":"https:\/\/www.anakeyn.com\/boutique\/wp-json\/wp\/v2\/product"}],"about":[{"href":"https:\/\/www.anakeyn.com\/boutique\/wp-json\/wp\/v2\/types\/product"}],"replies":[{"embeddable":true,"href":"https:\/\/www.anakeyn.com\/boutique\/wp-json\/wp\/v2\/comments?post=122"}],"wp:featuredmedia":[{"embeddable":true,"href":"https:\/\/www.anakeyn.com\/boutique\/wp-json\/wp\/v2\/media\/123"}],"wp:attachment":[{"href":"https:\/\/www.anakeyn.com\/boutique\/wp-json\/wp\/v2\/media?parent=122"}],"wp:term":[{"taxonomy":"product_brand","embeddable":true,"href":"https:\/\/www.anakeyn.com\/boutique\/wp-json\/wp\/v2\/product_brand?post=122"},{"taxonomy":"product_cat","embeddable":true,"href":"https:\/\/www.anakeyn.com\/boutique\/wp-json\/wp\/v2\/product_cat?post=122"},{"taxonomy":"product_tag","embeddable":true,"href":"https:\/\/www.anakeyn.com\/boutique\/wp-json\/wp\/v2\/product_tag?post=122"}],"curies":[{"name":"wp","href":"https:\/\/api.w.org\/{rel}","templated":true}]}}