{"id":124,"date":"2020-04-24T16:39:15","date_gmt":"2020-04-24T14:39:15","guid":{"rendered":"https:\/\/www.anakeyn.com\/boutique\/?post_type=product&#038;p=124"},"modified":"2020-04-24T16:39:29","modified_gmt":"2020-04-24T14:39:29","slug":"script-r-nettoyage-spam-dans-google-analytics","status":"publish","type":"product","link":"https:\/\/www.anakeyn.com\/boutique\/produit\/script-r-nettoyage-spam-dans-google-analytics\/","title":{"rendered":"Script R : Nettoyage Spam dans Google Analytics"},"content":{"rendered":"<p>Nettoyage du Spam dans Google Analytics avec R<\/p>\n<p>Exemple de nettoyage de donn\u00e9es de Google Analytics avec R. Les donn\u00e9es sont r\u00e9cup\u00e9r\u00e9es via l&rsquo;API De Google Analytics. Nos donn\u00e9es proviennent du site de Networking Morbihan. A la fin les donn\u00e9es sont sauvegard\u00e9es dans un fichier dfPageViews.csv (format fran\u00e7ais avec \u00ab\u00a0;\u00a0\u00bb) et qui pourra nous servir par la suite.<\/p>\n<p>Les fichiers de blacklist sont n\u00e9cessaires au fonctionnement.<\/p>\n<p>Voir les explications sur notre site ici : <a href=\"https:\/\/www.anakeyn.com\/2019\/04\/23\/nettoyage-du-spam-dans-google-analytics-avec-r-partie-i\/\" rel=\"nofollow\">https:\/\/www.anakeyn.com\/2019\/04\/23\/nettoyage-du-spam-dans-google-analytics-avec-r-partie-i\/<\/a> et ici : <a href=\"https:\/\/www.anakeyn.com\/2019\/04\/23\/nettoyage-du-spam-dans-google-analytics-avec-r-partie-ii\/\" rel=\"nofollow\">https:\/\/www.anakeyn.com\/2019\/04\/23\/nettoyage-du-spam-dans-google-analytics-avec-r-partie-ii\/<\/a><\/p>\n","protected":false},"excerpt":{"rendered":"<p>Nettoyage du Spam dans Google Analytics avec R<\/p>\n","protected":false},"featured_media":125,"comment_status":"open","ping_status":"closed","template":"","meta":[],"product_brand":[],"product_cat":[20],"product_tag":[34,44],"class_list":{"0":"post-124","1":"product","2":"type-product","3":"status-publish","4":"has-post-thumbnail","6":"product_cat-scripts-gratuits-r","7":"product_tag-google-analytics","8":"product_tag-spam","10":"first","11":"instock","12":"downloadable","13":"virtual","14":"taxable","15":"purchasable","16":"product-type-simple"},"jetpack_sharing_enabled":true,"_links":{"self":[{"href":"https:\/\/www.anakeyn.com\/boutique\/wp-json\/wp\/v2\/product\/124","targetHints":{"allow":["GET"]}}],"collection":[{"href":"https:\/\/www.anakeyn.com\/boutique\/wp-json\/wp\/v2\/product"}],"about":[{"href":"https:\/\/www.anakeyn.com\/boutique\/wp-json\/wp\/v2\/types\/product"}],"replies":[{"embeddable":true,"href":"https:\/\/www.anakeyn.com\/boutique\/wp-json\/wp\/v2\/comments?post=124"}],"wp:featuredmedia":[{"embeddable":true,"href":"https:\/\/www.anakeyn.com\/boutique\/wp-json\/wp\/v2\/media\/125"}],"wp:attachment":[{"href":"https:\/\/www.anakeyn.com\/boutique\/wp-json\/wp\/v2\/media?parent=124"}],"wp:term":[{"taxonomy":"product_brand","embeddable":true,"href":"https:\/\/www.anakeyn.com\/boutique\/wp-json\/wp\/v2\/product_brand?post=124"},{"taxonomy":"product_cat","embeddable":true,"href":"https:\/\/www.anakeyn.com\/boutique\/wp-json\/wp\/v2\/product_cat?post=124"},{"taxonomy":"product_tag","embeddable":true,"href":"https:\/\/www.anakeyn.com\/boutique\/wp-json\/wp\/v2\/product_tag?post=124"}],"curies":[{"name":"wp","href":"https:\/\/api.w.org\/{rel}","templated":true}]}}