{"id":133,"date":"2020-04-27T12:24:33","date_gmt":"2020-04-27T10:24:33","guid":{"rendered":"https:\/\/www.anakeyn.com\/boutique\/?post_type=product&#038;p=133"},"modified":"2020-04-27T12:25:41","modified_gmt":"2020-04-27T10:25:41","slug":"script-python-detection-trafic-web-significatif","status":"publish","type":"product","link":"https:\/\/www.anakeyn.com\/boutique\/produit\/script-python-detection-trafic-web-significatif\/","title":{"rendered":"Script Python : D\u00e9tection trafic Web significatif"},"content":{"rendered":"\r\n<p>D\u00e9tection du trafic Web significatif avec Python.<\/p>\r\n\r\n\r\n\r\n<p>Ce programme permet de d\u00e9tecter les jours avec un trafic significatif sur un site Web.<\/p>\r\n\r\n\r\n\r\n<p>La m\u00e9thode utilis\u00e9e est le test Tau de Thompson modifi\u00e9.<\/p>\r\n\r\n\r\n\r\n<p>Pour en savoir plus visiter notre blog \u00e0 l&rsquo;adresse : <a href=\"https:\/\/www.anakeyn.com\/2019\/05\/23\/detection-du-trafic-web-significatif-avec-python\/\">https:\/\/www.anakeyn.com\/2019\/05\/23\/detection-du-trafic-web-significatif-avec-python\/<\/a><\/p>\r\n<p>&nbsp;<\/p>\r\n","protected":false},"excerpt":{"rendered":"<p>D\u00e9tection du trafic Web significatif avec Python.<\/p>\n","protected":false},"featured_media":134,"comment_status":"open","ping_status":"closed","template":"","meta":[],"product_brand":[],"product_cat":[26],"product_tag":[46,45],"class_list":{"0":"post-133","1":"product","2":"type-product","3":"status-publish","4":"has-post-thumbnail","6":"product_cat-scripts-gratuits-python","7":"product_tag-significatif","8":"product_tag-trafic","10":"first","11":"instock","12":"downloadable","13":"virtual","14":"taxable","15":"purchasable","16":"product-type-simple"},"jetpack_sharing_enabled":true,"_links":{"self":[{"href":"https:\/\/www.anakeyn.com\/boutique\/wp-json\/wp\/v2\/product\/133","targetHints":{"allow":["GET"]}}],"collection":[{"href":"https:\/\/www.anakeyn.com\/boutique\/wp-json\/wp\/v2\/product"}],"about":[{"href":"https:\/\/www.anakeyn.com\/boutique\/wp-json\/wp\/v2\/types\/product"}],"replies":[{"embeddable":true,"href":"https:\/\/www.anakeyn.com\/boutique\/wp-json\/wp\/v2\/comments?post=133"}],"wp:featuredmedia":[{"embeddable":true,"href":"https:\/\/www.anakeyn.com\/boutique\/wp-json\/wp\/v2\/media\/134"}],"wp:attachment":[{"href":"https:\/\/www.anakeyn.com\/boutique\/wp-json\/wp\/v2\/media?parent=133"}],"wp:term":[{"taxonomy":"product_brand","embeddable":true,"href":"https:\/\/www.anakeyn.com\/boutique\/wp-json\/wp\/v2\/product_brand?post=133"},{"taxonomy":"product_cat","embeddable":true,"href":"https:\/\/www.anakeyn.com\/boutique\/wp-json\/wp\/v2\/product_cat?post=133"},{"taxonomy":"product_tag","embeddable":true,"href":"https:\/\/www.anakeyn.com\/boutique\/wp-json\/wp\/v2\/product_tag?post=133"}],"curies":[{"name":"wp","href":"https:\/\/api.w.org\/{rel}","templated":true}]}}