{"id":159,"date":"2020-04-28T11:07:51","date_gmt":"2020-04-28T09:07:51","guid":{"rendered":"https:\/\/www.anakeyn.com\/boutique\/?post_type=product&#038;p=159"},"modified":"2020-04-28T11:09:12","modified_gmt":"2020-04-28T09:09:12","slug":"script-python-acces-a-google-search-console-api","status":"publish","type":"product","link":"https:\/\/www.anakeyn.com\/boutique\/produit\/script-python-acces-a-google-search-console-api\/","title":{"rendered":"Script Python : Acc\u00e8s \u00e0 Google Search Console API"},"content":{"rendered":"<p>R\u00e9cup\u00e9ration de donn\u00e9es de Google Search Console via l&rsquo;API avec Python.<\/p>\n<p>Pour plus de d\u00e9tails, voir notre article associ\u00e9 : <a href=\"https:\/\/www.anakeyn.com\/2019\/06\/18\/recuperez-des-donnees-de-positionnement-de-vos-pages-via-google-search-console-api\/\" rel=\"nofollow\">https:\/\/www.anakeyn.com\/2019\/06\/18\/recuperez-des-donnees-de-positionnement-de-vos-pages-via-google-search-console-api\/<\/a><\/p>\n","protected":false},"excerpt":{"rendered":"<p>R\u00e9cup\u00e9ration de donn\u00e9es de Google Search Console via l&rsquo;API avec Python.<\/p>\n","protected":false},"featured_media":160,"comment_status":"open","ping_status":"closed","template":"","meta":[],"product_brand":[],"product_cat":[26],"product_tag":[22,57],"class_list":{"0":"post-159","1":"product","2":"type-product","3":"status-publish","4":"has-post-thumbnail","6":"product_cat-scripts-gratuits-python","7":"product_tag-api","8":"product_tag-google-search-console","10":"first","11":"instock","12":"downloadable","13":"virtual","14":"taxable","15":"purchasable","16":"product-type-simple"},"jetpack_sharing_enabled":true,"_links":{"self":[{"href":"https:\/\/www.anakeyn.com\/boutique\/wp-json\/wp\/v2\/product\/159","targetHints":{"allow":["GET"]}}],"collection":[{"href":"https:\/\/www.anakeyn.com\/boutique\/wp-json\/wp\/v2\/product"}],"about":[{"href":"https:\/\/www.anakeyn.com\/boutique\/wp-json\/wp\/v2\/types\/product"}],"replies":[{"embeddable":true,"href":"https:\/\/www.anakeyn.com\/boutique\/wp-json\/wp\/v2\/comments?post=159"}],"wp:featuredmedia":[{"embeddable":true,"href":"https:\/\/www.anakeyn.com\/boutique\/wp-json\/wp\/v2\/media\/160"}],"wp:attachment":[{"href":"https:\/\/www.anakeyn.com\/boutique\/wp-json\/wp\/v2\/media?parent=159"}],"wp:term":[{"taxonomy":"product_brand","embeddable":true,"href":"https:\/\/www.anakeyn.com\/boutique\/wp-json\/wp\/v2\/product_brand?post=159"},{"taxonomy":"product_cat","embeddable":true,"href":"https:\/\/www.anakeyn.com\/boutique\/wp-json\/wp\/v2\/product_cat?post=159"},{"taxonomy":"product_tag","embeddable":true,"href":"https:\/\/www.anakeyn.com\/boutique\/wp-json\/wp\/v2\/product_tag?post=159"}],"curies":[{"name":"wp","href":"https:\/\/api.w.org\/{rel}","templated":true}]}}