{"id":161,"date":"2020-04-28T11:18:51","date_gmt":"2020-04-28T09:18:51","guid":{"rendered":"https:\/\/www.anakeyn.com\/boutique\/?post_type=product&#038;p=161"},"modified":"2020-04-28T11:23:32","modified_gmt":"2020-04-28T09:23:32","slug":"script-python-machine-learning-un-site","status":"publish","type":"product","link":"https:\/\/www.anakeyn.com\/boutique\/produit\/script-python-machine-learning-un-site\/","title":{"rendered":"Script Python : Machine Learning sur un site Web"},"content":{"rendered":"<p>Classification pages\/expressions\/positions via le Machine Learning pour un seul site avec Python.<\/p>\n<p>Les donn\u00e9es ont \u00e9t\u00e9 r\u00e9cup\u00e9r\u00e9es via l&rsquo;API de Google Search Console.<\/p>\n<p>Pour plus de d\u00e9tails, vous pouvez visiter\u00a0 notre blog : <a href=\"https:\/\/www.anakeyn.com\/2019\/06\/20\/modele-interne-test-de-classification-de-pages-via-le-machine-learning-pour-un-seul-site\/\" rel=\"nofollow\">https:\/\/www.anakeyn.com\/2019\/06\/20\/modele-interne-test-de-classification-de-pages-via-le-machine-learning-pour-un-seul-site\/<\/a><\/p>\n","protected":false},"excerpt":{"rendered":"<p>Classification pages\/expressions\/positions via le Machine Learning pour un seul site avec Python.<\/p>\n","protected":false},"featured_media":162,"comment_status":"open","ping_status":"closed","template":"","meta":[],"product_brand":[],"product_cat":[26],"product_tag":[57,37],"class_list":{"0":"post-161","1":"product","2":"type-product","3":"status-publish","4":"has-post-thumbnail","6":"product_cat-scripts-gratuits-python","7":"product_tag-google-search-console","8":"product_tag-machine-learning","10":"first","11":"instock","12":"downloadable","13":"virtual","14":"taxable","15":"purchasable","16":"product-type-simple"},"jetpack_sharing_enabled":true,"_links":{"self":[{"href":"https:\/\/www.anakeyn.com\/boutique\/wp-json\/wp\/v2\/product\/161","targetHints":{"allow":["GET"]}}],"collection":[{"href":"https:\/\/www.anakeyn.com\/boutique\/wp-json\/wp\/v2\/product"}],"about":[{"href":"https:\/\/www.anakeyn.com\/boutique\/wp-json\/wp\/v2\/types\/product"}],"replies":[{"embeddable":true,"href":"https:\/\/www.anakeyn.com\/boutique\/wp-json\/wp\/v2\/comments?post=161"}],"wp:featuredmedia":[{"embeddable":true,"href":"https:\/\/www.anakeyn.com\/boutique\/wp-json\/wp\/v2\/media\/162"}],"wp:attachment":[{"href":"https:\/\/www.anakeyn.com\/boutique\/wp-json\/wp\/v2\/media?parent=161"}],"wp:term":[{"taxonomy":"product_brand","embeddable":true,"href":"https:\/\/www.anakeyn.com\/boutique\/wp-json\/wp\/v2\/product_brand?post=161"},{"taxonomy":"product_cat","embeddable":true,"href":"https:\/\/www.anakeyn.com\/boutique\/wp-json\/wp\/v2\/product_cat?post=161"},{"taxonomy":"product_tag","embeddable":true,"href":"https:\/\/www.anakeyn.com\/boutique\/wp-json\/wp\/v2\/product_tag?post=161"}],"curies":[{"name":"wp","href":"https:\/\/api.w.org\/{rel}","templated":true}]}}