{"id":166,"date":"2020-04-28T12:23:34","date_gmt":"2020-04-28T10:23:34","guid":{"rendered":"https:\/\/www.anakeyn.com\/boutique\/?post_type=product&#038;p=166"},"modified":"2020-04-28T12:27:39","modified_gmt":"2020-04-28T10:27:39","slug":"script-python-scraping-web-pour-machine-learning","status":"publish","type":"product","link":"https:\/\/www.anakeyn.com\/boutique\/produit\/script-python-scraping-web-pour-machine-learning\/","title":{"rendered":"Script Python : Scraping Web pour Machine Learning"},"content":{"rendered":"<p>R\u00e9cup\u00e9ration du contenu de pages Web pour cr\u00e9ation de variables explicatives pour Machine Learning en Python.<\/p>\n<p>Pour plus de d\u00e9tails, voir explications sur notre blog : <a href=\"https:\/\/www.anakeyn.com\/2019\/06\/29\/scraping-des-pages-web-pour-enrichissement-avant-machine-learning\/\" rel=\"nofollow\">https:\/\/www.anakeyn.com\/2019\/06\/29\/scraping-des-pages-web-pour-enrichissement-avant-machine-learning\/<\/a><\/p>\n","protected":false},"excerpt":{"rendered":"<p>R\u00e9cup\u00e9ration du contenu de pages Web pour cr\u00e9ation de variables explicatives pour Machine Learning en Python.<\/p>\n","protected":false},"featured_media":167,"comment_status":"open","ping_status":"closed","template":"","meta":[],"product_brand":[],"product_cat":[26],"product_tag":[37,39],"class_list":{"0":"post-166","1":"product","2":"type-product","3":"status-publish","4":"has-post-thumbnail","6":"product_cat-scripts-gratuits-python","7":"product_tag-machine-learning","8":"product_tag-scraping","10":"first","11":"instock","12":"downloadable","13":"virtual","14":"taxable","15":"purchasable","16":"product-type-simple"},"jetpack_sharing_enabled":true,"_links":{"self":[{"href":"https:\/\/www.anakeyn.com\/boutique\/wp-json\/wp\/v2\/product\/166","targetHints":{"allow":["GET"]}}],"collection":[{"href":"https:\/\/www.anakeyn.com\/boutique\/wp-json\/wp\/v2\/product"}],"about":[{"href":"https:\/\/www.anakeyn.com\/boutique\/wp-json\/wp\/v2\/types\/product"}],"replies":[{"embeddable":true,"href":"https:\/\/www.anakeyn.com\/boutique\/wp-json\/wp\/v2\/comments?post=166"}],"wp:featuredmedia":[{"embeddable":true,"href":"https:\/\/www.anakeyn.com\/boutique\/wp-json\/wp\/v2\/media\/167"}],"wp:attachment":[{"href":"https:\/\/www.anakeyn.com\/boutique\/wp-json\/wp\/v2\/media?parent=166"}],"wp:term":[{"taxonomy":"product_brand","embeddable":true,"href":"https:\/\/www.anakeyn.com\/boutique\/wp-json\/wp\/v2\/product_brand?post=166"},{"taxonomy":"product_cat","embeddable":true,"href":"https:\/\/www.anakeyn.com\/boutique\/wp-json\/wp\/v2\/product_cat?post=166"},{"taxonomy":"product_tag","embeddable":true,"href":"https:\/\/www.anakeyn.com\/boutique\/wp-json\/wp\/v2\/product_tag?post=166"}],"curies":[{"name":"wp","href":"https:\/\/api.w.org\/{rel}","templated":true}]}}