{"id":176,"date":"2020-04-30T12:25:37","date_gmt":"2020-04-30T10:25:37","guid":{"rendered":"https:\/\/www.anakeyn.com\/boutique\/?post_type=product&#038;p=176"},"modified":"2020-04-30T12:27:31","modified_gmt":"2020-04-30T10:27:31","slug":"script-python-tf-idf-keywords-suggest","status":"publish","type":"product","link":"https:\/\/www.anakeyn.com\/boutique\/produit\/script-python-tf-idf-keywords-suggest\/","title":{"rendered":"Script Python : TF-IDF Keywords Suggest"},"content":{"rendered":"<p><strong>Anakeyn TF-IDF Keywords Suggest<\/strong> est un outil de suggestion de mots cl\u00e9s pour le SEO et le Web Marketing.<\/p>\n<p>Cet outil r\u00e9cup\u00e8re les x premi\u00e8res pages Web r\u00e9pondant \u00e0 une requ\u00eate dans Google.<\/p>\n<p>Ensuite, le syst\u00e8me va r\u00e9cup\u00e9rer le<strong> contenu<\/strong> des pages afin de trouver des mots cl\u00e9s populaires ou originaux en rapport avec le sujet recherch\u00e9. Le syst\u00e8me fonctionne avec un algorithme <strong>TF-IDF<\/strong>.<\/p>\n<p><strong>TF-IDF<\/strong> veut dire <strong>term frequency\u2013inverse document frequency <\/strong>en anglais. C\u2019est une mesure statistique qui permet de d\u00e9terminer l\u2019importance d\u2019un mot ou d\u2019une expression dans un document relativement \u00e0 un corpus ou une collection de documents.<\/p>\n<p>Pour plus de d\u00e9tails consultez notre article sur notre blog \u00e0 l&rsquo;adresse : https:\/\/www.anakeyn.com\/2019\/08\/23\/anakeyn-tf-idf-keywords-suggest\/<\/p>\n","protected":false},"excerpt":{"rendered":"<p><strong>Anakeyn TF-IDF Keywords Suggest<\/strong> est un outil de suggestion de mots cl\u00e9s pour le SEO et le Web Marketing.<\/p>\n","protected":false},"featured_media":177,"comment_status":"open","ping_status":"closed","template":"","meta":[],"product_brand":[],"product_cat":[26],"product_tag":[64,63],"class_list":{"0":"post-176","1":"product","2":"type-product","3":"status-publish","4":"has-post-thumbnail","6":"product_cat-scripts-gratuits-python","7":"product_tag-suggestion-mots-cles","8":"product_tag-tfidf","10":"first","11":"instock","12":"downloadable","13":"virtual","14":"taxable","15":"purchasable","16":"product-type-simple"},"jetpack_sharing_enabled":true,"_links":{"self":[{"href":"https:\/\/www.anakeyn.com\/boutique\/wp-json\/wp\/v2\/product\/176","targetHints":{"allow":["GET"]}}],"collection":[{"href":"https:\/\/www.anakeyn.com\/boutique\/wp-json\/wp\/v2\/product"}],"about":[{"href":"https:\/\/www.anakeyn.com\/boutique\/wp-json\/wp\/v2\/types\/product"}],"replies":[{"embeddable":true,"href":"https:\/\/www.anakeyn.com\/boutique\/wp-json\/wp\/v2\/comments?post=176"}],"wp:featuredmedia":[{"embeddable":true,"href":"https:\/\/www.anakeyn.com\/boutique\/wp-json\/wp\/v2\/media\/177"}],"wp:attachment":[{"href":"https:\/\/www.anakeyn.com\/boutique\/wp-json\/wp\/v2\/media?parent=176"}],"wp:term":[{"taxonomy":"product_brand","embeddable":true,"href":"https:\/\/www.anakeyn.com\/boutique\/wp-json\/wp\/v2\/product_brand?post=176"},{"taxonomy":"product_cat","embeddable":true,"href":"https:\/\/www.anakeyn.com\/boutique\/wp-json\/wp\/v2\/product_cat?post=176"},{"taxonomy":"product_tag","embeddable":true,"href":"https:\/\/www.anakeyn.com\/boutique\/wp-json\/wp\/v2\/product_tag?post=176"}],"curies":[{"name":"wp","href":"https:\/\/api.w.org\/{rel}","templated":true}]}}