{"id":182,"date":"2020-04-30T12:59:23","date_gmt":"2020-04-30T10:59:23","guid":{"rendered":"https:\/\/www.anakeyn.com\/boutique\/?post_type=product&#038;p=182"},"modified":"2020-04-30T12:59:24","modified_gmt":"2020-04-30T10:59:24","slug":"script-python-calcul-dun-score-bert-seo","status":"publish","type":"product","link":"https:\/\/www.anakeyn.com\/boutique\/produit\/script-python-calcul-dun-score-bert-seo\/","title":{"rendered":"Script Python : Calcul d&rsquo;un score BERT SEO"},"content":{"rendered":"<p>Ce script permet de calculer un \u00ab\u00a0Score Bert\u00a0\u00bb pour les 30 premi\u00e8res pages r\u00e9pondant \u00e0 une question dans Google.<\/p>\n<p>Pour en savoir plus, visitez notre blog \u00e0 l&rsquo;adresse : <a href=\"https:\/\/www.anakeyn.com\/2019\/12\/18\/score-bert-referencement-seo\/\" target=\"_blank\" rel=\"noopener noreferrer\">https:\/\/www.anakeyn.com\/2019\/12\/18\/score-bert-referencement-seo\/<\/a><\/p>\n","protected":false},"excerpt":{"rendered":"<p>Ce script permet de calculer un \u00ab\u00a0Score Bert\u00a0\u00bb pour les 30 premi\u00e8res pages r\u00e9pondant \u00e0 une question dans Google.<\/p>\n","protected":false},"featured_media":183,"comment_status":"open","ping_status":"closed","template":"","meta":[],"product_brand":[],"product_cat":[26],"product_tag":[69,36],"class_list":{"0":"post-182","1":"product","2":"type-product","3":"status-publish","4":"has-post-thumbnail","6":"product_cat-scripts-gratuits-python","7":"product_tag-bert","8":"product_tag-seo","10":"first","11":"instock","12":"downloadable","13":"virtual","14":"taxable","15":"purchasable","16":"product-type-simple"},"jetpack_sharing_enabled":true,"_links":{"self":[{"href":"https:\/\/www.anakeyn.com\/boutique\/wp-json\/wp\/v2\/product\/182","targetHints":{"allow":["GET"]}}],"collection":[{"href":"https:\/\/www.anakeyn.com\/boutique\/wp-json\/wp\/v2\/product"}],"about":[{"href":"https:\/\/www.anakeyn.com\/boutique\/wp-json\/wp\/v2\/types\/product"}],"replies":[{"embeddable":true,"href":"https:\/\/www.anakeyn.com\/boutique\/wp-json\/wp\/v2\/comments?post=182"}],"wp:featuredmedia":[{"embeddable":true,"href":"https:\/\/www.anakeyn.com\/boutique\/wp-json\/wp\/v2\/media\/183"}],"wp:attachment":[{"href":"https:\/\/www.anakeyn.com\/boutique\/wp-json\/wp\/v2\/media?parent=182"}],"wp:term":[{"taxonomy":"product_brand","embeddable":true,"href":"https:\/\/www.anakeyn.com\/boutique\/wp-json\/wp\/v2\/product_brand?post=182"},{"taxonomy":"product_cat","embeddable":true,"href":"https:\/\/www.anakeyn.com\/boutique\/wp-json\/wp\/v2\/product_cat?post=182"},{"taxonomy":"product_tag","embeddable":true,"href":"https:\/\/www.anakeyn.com\/boutique\/wp-json\/wp\/v2\/product_tag?post=182"}],"curies":[{"name":"wp","href":"https:\/\/api.w.org\/{rel}","templated":true}]}}