{"id":186,"date":"2020-04-30T16:30:14","date_gmt":"2020-04-30T14:30:14","guid":{"rendered":"https:\/\/www.anakeyn.com\/boutique\/?post_type=product&#038;p=186"},"modified":"2020-04-30T16:35:16","modified_gmt":"2020-04-30T14:35:16","slug":"script-python-plugin-import-goolge-search-console-pour-dataiku","status":"publish","type":"product","link":"https:\/\/www.anakeyn.com\/boutique\/produit\/script-python-plugin-import-goolge-search-console-pour-dataiku\/","title":{"rendered":"Script Python : Plugin import Google Search Console pour Dataiku"},"content":{"rendered":"<p>Plugin de r\u00e9cup\u00e9ration de donn\u00e9es de Google Search Console pour Dataiku 6.0 en Python.<\/p>\n<p>Plus de d\u00e9tails sur notre article \u00e0 l&rsquo;adresse : <a href=\"https:\/\/www.anakeyn.com\/2020\/02\/18\/comment-recuperer-des-donnees-google-search-console-dans-dataiku-dss-6-0\/\" target=\"_blank\" rel=\"noopener noreferrer\">https:\/\/www.anakeyn.com\/2020\/02\/18\/comment-recuperer-des-donnees-google-search-console-dans-dataiku-dss-6-0\/<\/a><\/p>\n","protected":false},"excerpt":{"rendered":"<p>Plugin de r\u00e9cup\u00e9ration de donn\u00e9es de Google Search Console pour Dataiku 6.0 en Python.<\/p>\n","protected":false},"featured_media":187,"comment_status":"open","ping_status":"closed","template":"","meta":[],"product_brand":[],"product_cat":[26],"product_tag":[72,57,71],"class_list":{"0":"post-186","1":"product","2":"type-product","3":"status-publish","4":"has-post-thumbnail","6":"product_cat-scripts-gratuits-python","7":"product_tag-dataiku","8":"product_tag-google-search-console","9":"product_tag-plugin","11":"first","12":"instock","13":"downloadable","14":"virtual","15":"taxable","16":"purchasable","17":"product-type-simple"},"jetpack_sharing_enabled":true,"_links":{"self":[{"href":"https:\/\/www.anakeyn.com\/boutique\/wp-json\/wp\/v2\/product\/186","targetHints":{"allow":["GET"]}}],"collection":[{"href":"https:\/\/www.anakeyn.com\/boutique\/wp-json\/wp\/v2\/product"}],"about":[{"href":"https:\/\/www.anakeyn.com\/boutique\/wp-json\/wp\/v2\/types\/product"}],"replies":[{"embeddable":true,"href":"https:\/\/www.anakeyn.com\/boutique\/wp-json\/wp\/v2\/comments?post=186"}],"wp:featuredmedia":[{"embeddable":true,"href":"https:\/\/www.anakeyn.com\/boutique\/wp-json\/wp\/v2\/media\/187"}],"wp:attachment":[{"href":"https:\/\/www.anakeyn.com\/boutique\/wp-json\/wp\/v2\/media?parent=186"}],"wp:term":[{"taxonomy":"product_brand","embeddable":true,"href":"https:\/\/www.anakeyn.com\/boutique\/wp-json\/wp\/v2\/product_brand?post=186"},{"taxonomy":"product_cat","embeddable":true,"href":"https:\/\/www.anakeyn.com\/boutique\/wp-json\/wp\/v2\/product_cat?post=186"},{"taxonomy":"product_tag","embeddable":true,"href":"https:\/\/www.anakeyn.com\/boutique\/wp-json\/wp\/v2\/product_tag?post=186"}],"curies":[{"name":"wp","href":"https:\/\/api.w.org\/{rel}","templated":true}]}}