{"id":223,"date":"2020-07-10T17:17:04","date_gmt":"2020-07-10T15:17:04","guid":{"rendered":"https:\/\/www.anakeyn.com\/boutique\/?post_type=product&#038;p=223"},"modified":"2020-07-10T17:24:13","modified_gmt":"2020-07-10T15:24:13","slug":"donnees-etude-covid19-au-08-07-20","status":"publish","type":"product","link":"https:\/\/www.anakeyn.com\/boutique\/produit\/donnees-etude-covid19-au-08-07-20\/","title":{"rendered":"Donn\u00e9es Etude Covid19 SOS M\u00e9decins au 08\/07\/20"},"content":{"rendered":"<p>Vous trouverez dans cette archive<\/p>\n<ul>\n<li>Les donn\u00e9es de base sur l&rsquo;activit\u00e9 de SOS M\u00e9decins en France\u00a0 \u00ab\u00a0sursaud-corona-quot-dep-2020-07-09-19h15.csv\u00a0\u00bb r\u00e9cup\u00e9r\u00e9es sur le site de Data.gouv.fr<\/li>\n<li>Les fichiers commen\u00e7ant par \u00ab\u00a0Covid19-Sursaud-20-07-08 r\u00e9alis\u00e9s par nos soins.<\/li>\n<li>D&rsquo;autres fichiers de donn\u00e9es qui contiennent des donn\u00e9es compl\u00e9mentaires utiles.<\/li>\n<\/ul>\n<p>&nbsp;<\/p>\n<p>&nbsp;<\/p>\n","protected":false},"excerpt":{"rendered":"<p>Donn\u00e9es Etude Covid19 SOS M\u00e9decins au 8 juillet 2020<\/p>\n","protected":false},"featured_media":224,"comment_status":"open","ping_status":"closed","template":"","meta":[],"product_brand":[],"product_cat":[78],"product_tag":[74,76,75,73,79],"class_list":{"0":"post-223","1":"product","2":"type-product","3":"status-publish","4":"has-post-thumbnail","6":"product_cat-sante","7":"product_tag-covid19","8":"product_tag-departement","9":"product_tag-france","10":"product_tag-sante","11":"product_tag-sos-medecins","13":"first","14":"instock","15":"downloadable","16":"virtual","17":"taxable","18":"purchasable","19":"product-type-simple"},"jetpack_sharing_enabled":true,"_links":{"self":[{"href":"https:\/\/www.anakeyn.com\/boutique\/wp-json\/wp\/v2\/product\/223","targetHints":{"allow":["GET"]}}],"collection":[{"href":"https:\/\/www.anakeyn.com\/boutique\/wp-json\/wp\/v2\/product"}],"about":[{"href":"https:\/\/www.anakeyn.com\/boutique\/wp-json\/wp\/v2\/types\/product"}],"replies":[{"embeddable":true,"href":"https:\/\/www.anakeyn.com\/boutique\/wp-json\/wp\/v2\/comments?post=223"}],"wp:featuredmedia":[{"embeddable":true,"href":"https:\/\/www.anakeyn.com\/boutique\/wp-json\/wp\/v2\/media\/224"}],"wp:attachment":[{"href":"https:\/\/www.anakeyn.com\/boutique\/wp-json\/wp\/v2\/media?parent=223"}],"wp:term":[{"taxonomy":"product_brand","embeddable":true,"href":"https:\/\/www.anakeyn.com\/boutique\/wp-json\/wp\/v2\/product_brand?post=223"},{"taxonomy":"product_cat","embeddable":true,"href":"https:\/\/www.anakeyn.com\/boutique\/wp-json\/wp\/v2\/product_cat?post=223"},{"taxonomy":"product_tag","embeddable":true,"href":"https:\/\/www.anakeyn.com\/boutique\/wp-json\/wp\/v2\/product_tag?post=223"}],"curies":[{"name":"wp","href":"https:\/\/api.w.org\/{rel}","templated":true}]}}