{"id":231,"date":"2020-07-18T10:35:35","date_gmt":"2020-07-18T08:35:35","guid":{"rendered":"https:\/\/www.anakeyn.com\/boutique\/?post_type=product&#038;p=231"},"modified":"2020-07-18T10:40:45","modified_gmt":"2020-07-18T08:40:45","slug":"donnees-etude-covid19-au-17-07-20","status":"publish","type":"product","link":"https:\/\/www.anakeyn.com\/boutique\/produit\/donnees-etude-covid19-au-17-07-20\/","title":{"rendered":"Donn\u00e9es Etude Covid19 au 17\/07\/20"},"content":{"rendered":"<p>Vous trouverez dans cette archive<\/p>\n<ul>\n<li>Les donn\u00e9es de base de Sant\u00e9 Publique France \u00ab\u00a0donnees-hospitalieres-&#8230;..-covid19-2020-07-17-19h00.csv\u00a0\u00bb et \u00ab\u00a0sursaud-corona-quot&#8230;2020-07-17-19h15.csv\u00a0\u00bb r\u00e9cup\u00e9r\u00e9es sur le site de Data.gouv.fr<\/li>\n<li>Les fichiers commen\u00e7ant par \u00ab\u00a0Covid19-2020-07-17&#8230;\u00a0\u00bb r\u00e9alis\u00e9s par nos soins.<\/li>\n<li>D&rsquo;autres fichiers de donn\u00e9es contiennent des donn\u00e9es compl\u00e9mentaires utiles.<\/li>\n<\/ul>\n<p>&nbsp;<\/p>\n<p>&nbsp;<\/p>\n","protected":false},"excerpt":{"rendered":"<p>Donn\u00e9es Etude Covid19 au 17 juillet 2020<\/p>\n","protected":false},"featured_media":232,"comment_status":"open","ping_status":"closed","template":"","meta":[],"product_brand":[],"product_cat":[78],"product_tag":[74,76,75,77,73],"class_list":{"0":"post-231","1":"product","2":"type-product","3":"status-publish","4":"has-post-thumbnail","6":"product_cat-sante","7":"product_tag-covid19","8":"product_tag-departement","9":"product_tag-france","10":"product_tag-region","11":"product_tag-sante","13":"first","14":"instock","15":"downloadable","16":"virtual","17":"taxable","18":"purchasable","19":"product-type-simple"},"jetpack_sharing_enabled":true,"_links":{"self":[{"href":"https:\/\/www.anakeyn.com\/boutique\/wp-json\/wp\/v2\/product\/231","targetHints":{"allow":["GET"]}}],"collection":[{"href":"https:\/\/www.anakeyn.com\/boutique\/wp-json\/wp\/v2\/product"}],"about":[{"href":"https:\/\/www.anakeyn.com\/boutique\/wp-json\/wp\/v2\/types\/product"}],"replies":[{"embeddable":true,"href":"https:\/\/www.anakeyn.com\/boutique\/wp-json\/wp\/v2\/comments?post=231"}],"wp:featuredmedia":[{"embeddable":true,"href":"https:\/\/www.anakeyn.com\/boutique\/wp-json\/wp\/v2\/media\/232"}],"wp:attachment":[{"href":"https:\/\/www.anakeyn.com\/boutique\/wp-json\/wp\/v2\/media?parent=231"}],"wp:term":[{"taxonomy":"product_brand","embeddable":true,"href":"https:\/\/www.anakeyn.com\/boutique\/wp-json\/wp\/v2\/product_brand?post=231"},{"taxonomy":"product_cat","embeddable":true,"href":"https:\/\/www.anakeyn.com\/boutique\/wp-json\/wp\/v2\/product_cat?post=231"},{"taxonomy":"product_tag","embeddable":true,"href":"https:\/\/www.anakeyn.com\/boutique\/wp-json\/wp\/v2\/product_tag?post=231"}],"curies":[{"name":"wp","href":"https:\/\/api.w.org\/{rel}","templated":true}]}}