{"id":242,"date":"2020-09-15T14:57:33","date_gmt":"2020-09-15T12:57:33","guid":{"rendered":"https:\/\/www.anakeyn.com\/boutique\/?post_type=product&#038;p=242"},"modified":"2020-09-18T16:56:34","modified_gmt":"2020-09-18T14:56:34","slug":"covid19-jours-rea-dep","status":"publish","type":"product","link":"https:\/\/www.anakeyn.com\/boutique\/produit\/covid19-jours-rea-dep\/","title":{"rendered":"Covid19 : calcul du nombre de jours en r\u00e9a par d\u00e9partement"},"content":{"rendered":"<p>Le programme joint permet de calculer un nombre de jours moyen en r\u00e9animation pour Covid-19 par d\u00e9partement en France.<\/p>\n<p>Le calcul se fait \u00e0 partir des donn\u00e9es de base de sant\u00e9 publique France notamment les fichiers de type :<\/p>\n<ul>\n<li>\u00a0\u00ab\u00a0sursaud-corona-quot-dep-YYYY-MM-DD-19h15.csv\u00a0\u00bb disponibles \u00e0 l&rsquo;adresse <a href=\"https:\/\/www.data.gouv.fr\/fr\/datasets\/donnees-des-urgences-hospitalieres-et-de-sos-medecins-relatives-a-lepidemie-de-covid-19\/#_\">https:\/\/www.data.gouv.fr\/fr\/datasets\/donnees-des-urgences-hospitalieres-et-de-sos-medecins-relatives-a-lepidemie-de-covid-19\/#_<\/a><\/li>\n<li>et \u00ab\u00a0donnees-hospitalieres-covid19-YYYY-MM-DD-19h00.csv disponibles \u00e0 l&rsquo;adresse <a href=\"https:\/\/www.data.gouv.fr\/fr\/datasets\/donnees-hospitalieres-relatives-a-lepidemie-de-covid-19\/#_\">https:\/\/www.data.gouv.fr\/fr\/datasets\/donnees-hospitalieres-relatives-a-lepidemie-de-covid-19\/#_<\/a><\/li>\n<\/ul>\n<p>Plus d&rsquo;explication sur ce code source sur notre blog \u00e0 l&rsquo;adresse : <a href=\"https:\/\/www.anakeyn.com\/2020\/09\/18\/covid-19-calcul-du-nombre-de-jours-en-reanimation-par-departement\/\" target=\"_blank\" rel=\"noopener noreferrer\">https:\/\/www.anakeyn.com\/2020\/09\/18\/covid-19-calcul-du-nombre-de-jours-en-reanimation-par-departement\/<\/a><\/p>\n<p>&nbsp;<\/p>\n","protected":false},"excerpt":{"rendered":"<p>Programme Python de d\u00e9termination du nombre de jours de r\u00e9animation pour Covid19 en France par d\u00e9partement.<\/p>\n","protected":false},"featured_media":243,"comment_status":"open","ping_status":"closed","template":"","meta":[],"product_brand":[],"product_cat":[78,26],"product_tag":[74,76,75,81,77,73],"class_list":{"0":"post-242","1":"product","2":"type-product","3":"status-publish","4":"has-post-thumbnail","6":"product_cat-sante","7":"product_cat-scripts-gratuits-python","8":"product_tag-covid19","9":"product_tag-departement","10":"product_tag-france","11":"product_tag-reanimation","12":"product_tag-region","13":"product_tag-sante","15":"first","16":"instock","17":"downloadable","18":"virtual","19":"taxable","20":"purchasable","21":"product-type-simple"},"jetpack_sharing_enabled":true,"_links":{"self":[{"href":"https:\/\/www.anakeyn.com\/boutique\/wp-json\/wp\/v2\/product\/242","targetHints":{"allow":["GET"]}}],"collection":[{"href":"https:\/\/www.anakeyn.com\/boutique\/wp-json\/wp\/v2\/product"}],"about":[{"href":"https:\/\/www.anakeyn.com\/boutique\/wp-json\/wp\/v2\/types\/product"}],"replies":[{"embeddable":true,"href":"https:\/\/www.anakeyn.com\/boutique\/wp-json\/wp\/v2\/comments?post=242"}],"wp:featuredmedia":[{"embeddable":true,"href":"https:\/\/www.anakeyn.com\/boutique\/wp-json\/wp\/v2\/media\/243"}],"wp:attachment":[{"href":"https:\/\/www.anakeyn.com\/boutique\/wp-json\/wp\/v2\/media?parent=242"}],"wp:term":[{"taxonomy":"product_brand","embeddable":true,"href":"https:\/\/www.anakeyn.com\/boutique\/wp-json\/wp\/v2\/product_brand?post=242"},{"taxonomy":"product_cat","embeddable":true,"href":"https:\/\/www.anakeyn.com\/boutique\/wp-json\/wp\/v2\/product_cat?post=242"},{"taxonomy":"product_tag","embeddable":true,"href":"https:\/\/www.anakeyn.com\/boutique\/wp-json\/wp\/v2\/product_tag?post=242"}],"curies":[{"name":"wp","href":"https:\/\/api.w.org\/{rel}","templated":true}]}}