{"id":284,"date":"2021-06-23T17:27:41","date_gmt":"2021-06-23T15:27:41","guid":{"rendered":"https:\/\/www.anakeyn.com\/boutique\/?post_type=product&#038;p=284"},"modified":"2021-06-23T18:37:11","modified_gmt":"2021-06-23T16:37:11","slug":"script-python-anakeyn-keywords-reprovided","status":"publish","type":"product","link":"https:\/\/www.anakeyn.com\/boutique\/produit\/script-python-anakeyn-keywords-reprovided\/","title":{"rendered":"Script Python : Anakeyn Keywords ReProvided"},"content":{"rendered":"<p>Ce programme permet de r\u00e9cup\u00e9rer les mots-cl\u00e9s \u00ab\u00a0Not Provided\u00a0\u00bb de Google Analytics \u00e0 partir des donn\u00e9es de Google Search Console.<\/p>\n<p>Plus de d\u00e9tails sur notre article \u00e0 l&rsquo;adresse : <a href=\"https:\/\/www.anakeyn.com\/2021\/06\/23\/recuperer-mots-cles-not-provided-google-analytics-google-search-console-python\/\" target=\"_blank\" rel=\"noopener\">https:\/\/www.anakeyn.com\/2021\/06\/23\/recuperer-mots-cles-not-provided-google-analytics-google-search-console-python\/<\/a><\/p>\n","protected":false},"excerpt":{"rendered":"<p>R\u00e9cup\u00e9ration des mots-cl\u00e9s \u00ab\u00a0Not Provided\u00a0\u00bb de Google Analytics \u00e0 partir des donn\u00e9es de Googe Search Console<\/p>\n","protected":false},"featured_media":285,"comment_status":"open","ping_status":"closed","template":"","meta":[],"product_brand":[],"product_cat":[26],"product_tag":[34,57,82],"class_list":{"0":"post-284","1":"product","2":"type-product","3":"status-publish","4":"has-post-thumbnail","6":"product_cat-scripts-gratuits-python","7":"product_tag-google-analytics","8":"product_tag-google-search-console","9":"product_tag-not-provided","11":"first","12":"instock","13":"downloadable","14":"virtual","15":"taxable","16":"purchasable","17":"product-type-simple"},"jetpack_sharing_enabled":true,"_links":{"self":[{"href":"https:\/\/www.anakeyn.com\/boutique\/wp-json\/wp\/v2\/product\/284","targetHints":{"allow":["GET"]}}],"collection":[{"href":"https:\/\/www.anakeyn.com\/boutique\/wp-json\/wp\/v2\/product"}],"about":[{"href":"https:\/\/www.anakeyn.com\/boutique\/wp-json\/wp\/v2\/types\/product"}],"replies":[{"embeddable":true,"href":"https:\/\/www.anakeyn.com\/boutique\/wp-json\/wp\/v2\/comments?post=284"}],"wp:featuredmedia":[{"embeddable":true,"href":"https:\/\/www.anakeyn.com\/boutique\/wp-json\/wp\/v2\/media\/285"}],"wp:attachment":[{"href":"https:\/\/www.anakeyn.com\/boutique\/wp-json\/wp\/v2\/media?parent=284"}],"wp:term":[{"taxonomy":"product_brand","embeddable":true,"href":"https:\/\/www.anakeyn.com\/boutique\/wp-json\/wp\/v2\/product_brand?post=284"},{"taxonomy":"product_cat","embeddable":true,"href":"https:\/\/www.anakeyn.com\/boutique\/wp-json\/wp\/v2\/product_cat?post=284"},{"taxonomy":"product_tag","embeddable":true,"href":"https:\/\/www.anakeyn.com\/boutique\/wp-json\/wp\/v2\/product_tag?post=284"}],"curies":[{"name":"wp","href":"https:\/\/api.w.org\/{rel}","templated":true}]}}