{"id":57,"date":"2020-04-15T15:25:23","date_gmt":"2020-04-15T13:25:23","guid":{"rendered":"https:\/\/www.anakeyn.com\/boutique\/?post_type=product&#038;p=57"},"modified":"2020-04-16T16:42:04","modified_gmt":"2020-04-16T14:42:04","slug":"script-r-test-de-lapi-insight-de-yooda","status":"publish","type":"product","link":"https:\/\/www.anakeyn.com\/boutique\/produit\/script-r-test-de-lapi-insight-de-yooda\/","title":{"rendered":"Script R : test de l&rsquo;API Insight de Yooda"},"content":{"rendered":"<p>Dans ce script vous verrez comment nous avons proc\u00e9d\u00e9 pour acc\u00e9der \u00e0 l&rsquo;API de Yooda avec le logiciel R.<\/p>\n<p>Les explications sur ce script se trouvent dans notre blog \u00e0 l&rsquo;adresse <a href=\"https:\/\/www.anakeyn.com\/2017\/11\/22\/test-api-insight-yooda-logiciel-r\/\" target=\"_blank\" rel=\"noopener noreferrer\">https:\/\/www.anakeyn.com\/2017\/11\/22\/test-api-insight-yooda-logiciel-r\/<\/a><\/p>\n","protected":false},"excerpt":{"rendered":"<p>Dans ce script vous verrez comment nous avons proc\u00e9d\u00e9 pour acc\u00e9der \u00e0 l&rsquo;API de Yooda avec le logiciel R.<\/p>\n","protected":false},"featured_media":58,"comment_status":"open","ping_status":"closed","template":"","meta":[],"product_brand":[],"product_cat":[20],"product_tag":[22,23,21],"class_list":{"0":"post-57","1":"product","2":"type-product","3":"status-publish","4":"has-post-thumbnail","6":"product_cat-scripts-gratuits-r","7":"product_tag-api","8":"product_tag-r","9":"product_tag-yooda","11":"first","12":"instock","13":"downloadable","14":"taxable","15":"shipping-taxable","16":"purchasable","17":"product-type-simple"},"jetpack_sharing_enabled":true,"_links":{"self":[{"href":"https:\/\/www.anakeyn.com\/boutique\/wp-json\/wp\/v2\/product\/57","targetHints":{"allow":["GET"]}}],"collection":[{"href":"https:\/\/www.anakeyn.com\/boutique\/wp-json\/wp\/v2\/product"}],"about":[{"href":"https:\/\/www.anakeyn.com\/boutique\/wp-json\/wp\/v2\/types\/product"}],"replies":[{"embeddable":true,"href":"https:\/\/www.anakeyn.com\/boutique\/wp-json\/wp\/v2\/comments?post=57"}],"wp:featuredmedia":[{"embeddable":true,"href":"https:\/\/www.anakeyn.com\/boutique\/wp-json\/wp\/v2\/media\/58"}],"wp:attachment":[{"href":"https:\/\/www.anakeyn.com\/boutique\/wp-json\/wp\/v2\/media?parent=57"}],"wp:term":[{"taxonomy":"product_brand","embeddable":true,"href":"https:\/\/www.anakeyn.com\/boutique\/wp-json\/wp\/v2\/product_brand?post=57"},{"taxonomy":"product_cat","embeddable":true,"href":"https:\/\/www.anakeyn.com\/boutique\/wp-json\/wp\/v2\/product_cat?post=57"},{"taxonomy":"product_tag","embeddable":true,"href":"https:\/\/www.anakeyn.com\/boutique\/wp-json\/wp\/v2\/product_tag?post=57"}],"curies":[{"name":"wp","href":"https:\/\/api.w.org\/{rel}","templated":true}]}}